{"id":101,"date":"2026-03-18T16:57:26","date_gmt":"2026-03-18T16:57:26","guid":{"rendered":"https:\/\/siroteam.fi\/?page_id=101"},"modified":"2026-03-18T16:57:27","modified_gmt":"2026-03-18T16:57:27","slug":"ikkunat-ulko-ovet-ja-autotallin-pariovet","status":"publish","type":"page","link":"https:\/\/siroteam.fi\/index.php\/ikkunat-ulko-ovet-ja-autotallin-pariovet\/","title":{"rendered":"Ikkunat, ulko-ovet ja autotallin pariovet"},"content":{"rendered":"\n<p class=\"has-medium-font-size\"><strong>Piklas Ikkunat<\/strong><\/p>\n\n\n\n<p><strong>Kotimaiset Piklas puualumiini-ikkunat\u00a0valmistetaan\u00a0mittatilausty\u00f6n\u00e4 valitsemillasi kuultos\u00e4vyill\u00e4 ja maaliv\u00e4reill\u00e4.\u00a0Energiatehokkaat ikkunat l\u00f6yd\u00e4t niin matalaenergiataloon kuin remonttikohteeseen. Toki my\u00f6s piharakennuksiin ja kes\u00e4m\u00f6killekin l\u00f6ytyy ratkaisut.<\/strong><\/p>\n\n\n\n<p class=\"has-medium-font-size\"><strong>Piklas Ulko-ovet<\/strong><\/p>\n\n\n\n<p><strong>Piklasksen kotimaiset ulko-ovet on jaettu eri tyylisiin mallistoihin, joista l\u00f6ytyy valmiita ulko-ovisettej\u00e4 &#8211; my\u00f6s pariovina. Ovet valmistetaan mittatilausty\u00f6n\u00e4 j av\u00e4rivaihtoehtoja on yli 200 &#8211; massiivipuuoviin my\u00f6s kuultos\u00e4vyj\u00e4. <\/strong><\/p>\n\n\n\n<p class=\"has-medium-font-size\"><strong>P\u00e4ij\u00e4nne autotallin pariovet<\/strong><\/p>\n\n\n\n<p><strong>P\u00e4ij\u00e4nne ovien kotimaisetautotallin pariovet tarjoavat k\u00e4yt\u00e4nn\u00f6llisen ja tyylikk\u00e4\u00e4n ratkaisun tiloihin, joissa tarvitaan leve\u00e4mp\u00e4\u00e4 sis\u00e4\u00e4nk\u00e4ynti\u00e4. Ne sopivat erityisesti autotalleihin, varastoihin ja ty\u00f6tiloihin, joissa vaaditaan helppoa kulkua.<\/strong><a href=\"https:\/\/www.piklas.fi\/ulko-ovet\/\"><\/a><\/p>\n\n\n\n<p><\/p>\n","protected":false},"excerpt":{"rendered":"<p>Piklas Ikkunat Kotimaiset Piklas puualumiini-ikkunat\u00a0valmistetaan\u00a0mittatilausty\u00f6n\u00e4 valitsemillasi kuultos\u00e4vyill\u00e4 ja maaliv\u00e4reill\u00e4.\u00a0Energiatehokkaat ikkunat l\u00f6yd\u00e4t niin matalaenergiataloon kuin remonttikohteeseen. Toki my\u00f6s piharakennuksiin ja kes\u00e4m\u00f6killekin [&hellip;]<\/p>\n","protected":false},"author":2,"featured_media":0,"parent":0,"menu_order":0,"comment_status":"closed","ping_status":"closed","template":"","meta":{"site-sidebar-layout":"no-sidebar","site-content-layout":"","ast-site-content-layout":"full-width-container","site-content-style":"default","site-sidebar-style":"default","ast-global-header-display":"","ast-banner-title-visibility":"","ast-main-header-display":"","ast-hfb-above-header-display":"","ast-hfb-below-header-display":"","ast-hfb-mobile-header-display":"","site-post-title":"","ast-breadcrumbs-content":"","ast-featured-img":"disabled","footer-sml-layout":"","ast-disable-related-posts":"","theme-transparent-header-meta":"","adv-header-id-meta":"","stick-header-meta":"","header-above-stick-meta":"","header-main-stick-meta":"","header-below-stick-meta":"","astra-migrate-meta-layouts":"default","ast-page-background-enabled":"default","ast-page-background-meta":{"desktop":{"background-color":"var(--ast-global-color-5)","background-image":"","background-repeat":"repeat","background-position":"center center","background-size":"auto","background-attachment":"scroll","background-type":"","background-media":"","overlay-type":"","overlay-color":"","overlay-opacity":"","overlay-gradient":""},"tablet":{"background-color":"","background-image":"","background-repeat":"repeat","background-position":"center center","background-size":"auto","background-attachment":"scroll","background-type":"","background-media":"","overlay-type":"","overlay-color":"","overlay-opacity":"","overlay-gradient":""},"mobile":{"background-color":"","background-image":"","background-repeat":"repeat","background-position":"center center","background-size":"auto","background-attachment":"scroll","background-type":"","background-media":"","overlay-type":"","overlay-color":"","overlay-opacity":"","overlay-gradient":""}},"ast-content-background-meta":{"desktop":{"background-color":"var(--ast-global-color-4)","background-image":"","background-repeat":"repeat","background-position":"center center","background-size":"auto","background-attachment":"scroll","background-type":"","background-media":"","overlay-type":"","overlay-color":"","overlay-opacity":"","overlay-gradient":""},"tablet":{"background-color":"var(--ast-global-color-4)","background-image":"","background-repeat":"repeat","background-position":"center center","background-size":"auto","background-attachment":"scroll","background-type":"","background-media":"","overlay-type":"","overlay-color":"","overlay-opacity":"","overlay-gradient":""},"mobile":{"background-color":"var(--ast-global-color-4)","background-image":"","background-repeat":"repeat","background-position":"center center","background-size":"auto","background-attachment":"scroll","background-type":"","background-media":"","overlay-type":"","overlay-color":"","overlay-opacity":"","overlay-gradient":""}},"footnotes":""},"class_list":["post-101","page","type-page","status-publish","hentry"],"_links":{"self":[{"href":"https:\/\/siroteam.fi\/index.php\/wp-json\/wp\/v2\/pages\/101","targetHints":{"allow":["GET"]}}],"collection":[{"href":"https:\/\/siroteam.fi\/index.php\/wp-json\/wp\/v2\/pages"}],"about":[{"href":"https:\/\/siroteam.fi\/index.php\/wp-json\/wp\/v2\/types\/page"}],"author":[{"embeddable":true,"href":"https:\/\/siroteam.fi\/index.php\/wp-json\/wp\/v2\/users\/2"}],"replies":[{"embeddable":true,"href":"https:\/\/siroteam.fi\/index.php\/wp-json\/wp\/v2\/comments?post=101"}],"version-history":[{"count":2,"href":"https:\/\/siroteam.fi\/index.php\/wp-json\/wp\/v2\/pages\/101\/revisions"}],"predecessor-version":[{"id":173,"href":"https:\/\/siroteam.fi\/index.php\/wp-json\/wp\/v2\/pages\/101\/revisions\/173"}],"wp:attachment":[{"href":"https:\/\/siroteam.fi\/index.php\/wp-json\/wp\/v2\/media?parent=101"}],"curies":[{"name":"wp","href":"https:\/\/api.w.org\/{rel}","templated":true}]}}